{"id":2769,"date":"2023-10-01T14:22:30","date_gmt":"2023-10-01T12:22:30","guid":{"rendered":"https:\/\/www.galerietiago.com\/ceramique\/"},"modified":"2023-12-29T11:14:49","modified_gmt":"2023-12-29T10:14:49","slug":"ceramics","status":"publish","type":"page","link":"https:\/\/www.galerietiago.com\/en\/ceramics\/","title":{"rendered":"Ceramics"},"content":{"rendered":"<div id='av_section_1'  class='avia-section av-20qvs-58bdb8dba9c9ea11b48f624fe15522a0 main_color avia-section-default avia-no-shadow  avia-builder-el-0  el_before_av_portfolio  avia-builder-el-first  avia-bg-style-scroll container_wrap fullsize'  ><div class='container av-section-cont-open' ><main  role=\"main\" itemprop=\"mainContentOfPage\"  class='template-page content  av-content-full alpha units'><div class='post-entry post-entry-type-page post-entry-2769'><div class='entry-content-wrapper clearfix'>\n\n<style type=\"text\/css\" data-created_by=\"avia_inline_auto\" id=\"style-css-av-1mnpg-61f32b16dd10ca47a87ee85431e09d33\">\n#top .av-special-heading.av-1mnpg-61f32b16dd10ca47a87ee85431e09d33{\npadding-bottom:10px;\n}\nbody .av-special-heading.av-1mnpg-61f32b16dd10ca47a87ee85431e09d33 .av-special-heading-tag .heading-char{\nfont-size:25px;\n}\n.av-special-heading.av-1mnpg-61f32b16dd10ca47a87ee85431e09d33 .av-subheading{\nfont-size:15px;\n}\n<\/style>\n<div  class='av-special-heading av-1mnpg-61f32b16dd10ca47a87ee85431e09d33 av-special-heading-h3 blockquote modern-quote modern-centered  avia-builder-el-1  avia-builder-el-no-sibling '><h3 class='av-special-heading-tag'  itemprop=\"headline\"  >Ceramics<\/h3><div class=\"special-heading-border\"><div class=\"special-heading-inner-border\"><\/div><\/div><\/div>\n\n<div  id=\"av-sc-portfolio-1\"  class=\"av-portfolio-grid-sorting-container\"><div class='sort_width_container  av-sort-yes' data-portfolio-id='1' ><div id='js_sort_items' ><div class='sort_by_cat hidden'><a href=\"#\" data-filter=\"all_sort\" class=\"all_sort_button active_sort\"><span class=\"inner_sort_button\"><span>All<\/span><small class=\"av-cat-count\"> 6 <\/small><\/span><\/a><span class=\"text-sep ceramics_sort_sep\">\/<\/span><a href=\"#\" data-filter=\"ceramics_sort\" class=\"ceramics_sort_button\" ><span class=\"inner_sort_button\"><span>Ceramics<\/span><small class=\"av-cat-count\"> 6 <\/small><\/span><\/a><\/div><\/div><\/div><div  class=' grid-sort-container isotope   no_margin-container with-excerpt-container grid-total-even grid-col-4 grid-links-' data-portfolio-id='1'><div data-ajax-id='7785' class=' grid-entry flex_column isotope-item all_sort no_margin post-entry post-entry-7785 grid-entry-overview grid-loop-1 grid-parity-odd  ceramics_sort  av_one_fourth first default_av_fullwidth '><article class='main_color inner-entry'  itemscope=\"itemscope\" itemtype=\"https:\/\/schema.org\/CreativeWork\" ><a href=\"https:\/\/www.galerietiago.com\/en\/portfolio-item\/banko-mask-teapot-japan-taisho\/\" title='BANKO MASK TEAPOT'  data-rel='grid-1' class='grid-image avia-hover-fx'> <img decoding=\"async\" width=\"495\" height=\"400\" src=\"https:\/\/www.galerietiago.com\/wp-content\/uploads\/2025\/01\/3EF72E80-4C44-4021-8255-17AD2E3D783C-495x400.jpeg\" class=\"wp-image-7786 avia-img-lazy-loading-not-7786 attachment-portfolio size-portfolio wp-post-image\" alt=\"\" srcset=\"https:\/\/www.galerietiago.com\/wp-content\/uploads\/2025\/01\/3EF72E80-4C44-4021-8255-17AD2E3D783C-495x400.jpeg 495w, https:\/\/www.galerietiago.com\/wp-content\/uploads\/2025\/01\/3EF72E80-4C44-4021-8255-17AD2E3D783C-845x684.jpeg 845w\" sizes=\"(max-width: 495px) 100vw, 495px\" \/><\/a><div class='grid-content'><div class='avia-arrow'><\/div><header class=\"entry-content-header\"><h3 class='grid-entry-title entry-title '  itemprop=\"headline\" ><a href='https:\/\/www.galerietiago.com\/en\/portfolio-item\/banko-mask-teapot-japan-taisho\/' title='BANKO MASK TEAPOT'>BANKO MASK TEAPOT<\/a><\/h3><\/header><\/div><footer class=\"entry-footer\"><\/footer><\/article><\/div><div data-ajax-id='7854' class=' grid-entry flex_column isotope-item all_sort no_margin post-entry post-entry-7854 grid-entry-overview grid-loop-2 grid-parity-even  ceramics_sort  av_one_fourth  default_av_fullwidth '><article class='main_color inner-entry'  itemscope=\"itemscope\" itemtype=\"https:\/\/schema.org\/CreativeWork\" ><a href=\"https:\/\/www.galerietiago.com\/en\/portfolio-item\/sandstone-turtle-teapot-japan-taisho\/\" title='SANDSTONE TURTLE TEAPOT'  data-rel='grid-1' class='grid-image avia-hover-fx'> <img decoding=\"async\" width=\"495\" height=\"400\" src=\"https:\/\/www.galerietiago.com\/wp-content\/uploads\/2025\/01\/EE3CC20C-40EB-418F-8772-16B449C4BD3A-495x400.jpeg\" class=\"wp-image-7859 avia-img-lazy-loading-not-7859 attachment-portfolio size-portfolio wp-post-image\" alt=\"\" srcset=\"https:\/\/www.galerietiago.com\/wp-content\/uploads\/2025\/01\/EE3CC20C-40EB-418F-8772-16B449C4BD3A-495x400.jpeg 495w, https:\/\/www.galerietiago.com\/wp-content\/uploads\/2025\/01\/EE3CC20C-40EB-418F-8772-16B449C4BD3A-845x684.jpeg 845w\" sizes=\"(max-width: 495px) 100vw, 495px\" \/><\/a><div class='grid-content'><div class='avia-arrow'><\/div><header class=\"entry-content-header\"><h3 class='grid-entry-title entry-title '  itemprop=\"headline\" ><a href='https:\/\/www.galerietiago.com\/en\/portfolio-item\/sandstone-turtle-teapot-japan-taisho\/' title='SANDSTONE TURTLE TEAPOT'>SANDSTONE TURTLE TEAPOT<\/a><\/h3><\/header><\/div><footer class=\"entry-footer\"><\/footer><\/article><\/div><div data-ajax-id='5844' class=' grid-entry flex_column isotope-item all_sort no_margin post-entry post-entry-5844 grid-entry-overview grid-loop-3 grid-parity-odd  ceramics_sort  av_one_fourth  default_av_fullwidth '><article class='main_color inner-entry'  itemscope=\"itemscope\" itemtype=\"https:\/\/schema.org\/CreativeWork\" ><a href=\"https:\/\/www.galerietiago.com\/en\/portfolio-item\/sculpture-sumida-homme-singes\/\" title='MAN AND MONKEYS SUMIDA-GAWA SCULPTURE &#8211; MEIJI\/TAISH\u00d4'  data-rel='grid-1' class='grid-image avia-hover-fx'> <img decoding=\"async\" width=\"495\" height=\"400\" src=\"https:\/\/www.galerietiago.com\/wp-content\/uploads\/2024\/07\/2022-1085-GALERIE-TIAGO-SCULPTURE-HOMME-SINGES-2-Grande-495x400.jpeg\" class=\"wp-image-5835 avia-img-lazy-loading-not-5835 attachment-portfolio size-portfolio wp-post-image\" alt=\"\" srcset=\"https:\/\/www.galerietiago.com\/wp-content\/uploads\/2024\/07\/2022-1085-GALERIE-TIAGO-SCULPTURE-HOMME-SINGES-2-Grande-495x400.jpeg 495w, https:\/\/www.galerietiago.com\/wp-content\/uploads\/2024\/07\/2022-1085-GALERIE-TIAGO-SCULPTURE-HOMME-SINGES-2-Grande-845x684.jpeg 845w\" sizes=\"(max-width: 495px) 100vw, 495px\" \/><\/a><div class='grid-content'><div class='avia-arrow'><\/div><header class=\"entry-content-header\"><h3 class='grid-entry-title entry-title '  itemprop=\"headline\" ><a href='https:\/\/www.galerietiago.com\/en\/portfolio-item\/sculpture-sumida-homme-singes\/' title='MAN AND MONKEYS SUMIDA-GAWA SCULPTURE &#8211; MEIJI\/TAISH\u00d4'>MAN AND MONKEYS SUMIDA-GAWA SCULPTURE &#8211; MEIJI\/TAISH\u00d4<\/a><\/h3><\/header><\/div><footer class=\"entry-footer\"><\/footer><\/article><\/div><div data-ajax-id='4656' class=' grid-entry flex_column isotope-item all_sort no_margin post-entry post-entry-4656 grid-entry-overview grid-loop-4 grid-parity-even  ceramics_sort  av_one_fourth  default_av_fullwidth '><article class='main_color inner-entry'  itemscope=\"itemscope\" itemtype=\"https:\/\/schema.org\/CreativeWork\" ><a href=\"https:\/\/www.galerietiago.com\/en\/portfolio-item\/tasse-celadon-motifs-cordes-jomon-tatsuzo-shimaoka-mingei-showa\/\" title='CORDED TEA CUP, TATSUZ\u00d4 SHIMAOKA (MINGEI) &#8211; SH\u00d4WA'  data-rel='grid-1' class='grid-image avia-hover-fx'> <img decoding=\"async\" width=\"495\" height=\"400\" src=\"https:\/\/www.galerietiago.com\/wp-content\/uploads\/2024\/04\/2022-1091-TASSE-TATSUZO-SHIMAOKA-1-Grande-495x400.jpeg\" class=\"wp-image-4657 avia-img-lazy-loading-not-4657 attachment-portfolio size-portfolio wp-post-image\" alt=\"\" srcset=\"https:\/\/www.galerietiago.com\/wp-content\/uploads\/2024\/04\/2022-1091-TASSE-TATSUZO-SHIMAOKA-1-Grande-495x400.jpeg 495w, https:\/\/www.galerietiago.com\/wp-content\/uploads\/2024\/04\/2022-1091-TASSE-TATSUZO-SHIMAOKA-1-Grande-845x684.jpeg 845w\" sizes=\"(max-width: 495px) 100vw, 495px\" \/><\/a><div class='grid-content'><div class='avia-arrow'><\/div><header class=\"entry-content-header\"><h3 class='grid-entry-title entry-title '  itemprop=\"headline\" ><a href='https:\/\/www.galerietiago.com\/en\/portfolio-item\/tasse-celadon-motifs-cordes-jomon-tatsuzo-shimaoka-mingei-showa\/' title='CORDED TEA CUP, TATSUZ\u00d4 SHIMAOKA (MINGEI) &#8211; SH\u00d4WA'>CORDED TEA CUP, TATSUZ\u00d4 SHIMAOKA (MINGEI) &#8211; SH\u00d4WA<\/a><\/h3><\/header><\/div><footer class=\"entry-footer\"><\/footer><\/article><\/div><div data-ajax-id='4613' class=' grid-entry flex_column isotope-item all_sort no_margin post-entry post-entry-4613 grid-entry-overview grid-loop-5 grid-parity-odd  ceramics_sort  av_one_fourth first default_av_fullwidth '><article class='main_color inner-entry'  itemscope=\"itemscope\" itemtype=\"https:\/\/schema.org\/CreativeWork\" ><a href=\"https:\/\/www.galerietiago.com\/en\/portfolio-item\/pot-couvert-porcelaine-imari-xixe\/\" title='IMARI PORCELAIN COVERED POT &#8211; 19th'  data-rel='grid-1' class='grid-image avia-hover-fx'> <img decoding=\"async\" width=\"495\" height=\"400\" src=\"https:\/\/www.galerietiago.com\/wp-content\/uploads\/2024\/04\/2022-1062-GALERIE-TIAGO-BOL-COUVERT-PORCELAINE-1-Grande-495x400.jpeg\" class=\"wp-image-4614 avia-img-lazy-loading-not-4614 attachment-portfolio size-portfolio wp-post-image\" alt=\"\" srcset=\"https:\/\/www.galerietiago.com\/wp-content\/uploads\/2024\/04\/2022-1062-GALERIE-TIAGO-BOL-COUVERT-PORCELAINE-1-Grande-495x400.jpeg 495w, https:\/\/www.galerietiago.com\/wp-content\/uploads\/2024\/04\/2022-1062-GALERIE-TIAGO-BOL-COUVERT-PORCELAINE-1-Grande-845x684.jpeg 845w\" sizes=\"(max-width: 495px) 100vw, 495px\" \/><\/a><div class='grid-content'><div class='avia-arrow'><\/div><header class=\"entry-content-header\"><h3 class='grid-entry-title entry-title '  itemprop=\"headline\" ><a href='https:\/\/www.galerietiago.com\/en\/portfolio-item\/pot-couvert-porcelaine-imari-xixe\/' title='IMARI PORCELAIN COVERED POT &#8211; 19th'>IMARI PORCELAIN COVERED POT &#8211; 19th<\/a><\/h3><\/header><\/div><footer class=\"entry-footer\"><\/footer><\/article><\/div><div data-ajax-id='4452' class=' grid-entry flex_column isotope-item all_sort no_margin post-entry post-entry-4452 grid-entry-overview grid-loop-6 grid-parity-even  post-entry-last  ceramics_sort  av_one_fourth  default_av_fullwidth '><article class='main_color inner-entry'  itemscope=\"itemscope\" itemtype=\"https:\/\/schema.org\/CreativeWork\" ><a href=\"https:\/\/www.galerietiago.com\/en\/portfolio-item\/theiere-banko-sept-dieux-du-bonheur-taisho\/\" title='SEVEN GODS OF HAPPINESS TEAPOT BANKO WARE &#8211; TAISH\u00d4'  data-rel='grid-1' class='grid-image avia-hover-fx'> <img decoding=\"async\" width=\"495\" height=\"400\" src=\"https:\/\/www.galerietiago.com\/wp-content\/uploads\/2024\/03\/2023-1156-GALERIE-TIAGO-THEIERE-BANKO-2-Grande-495x400.jpeg\" class=\"wp-image-4455 avia-img-lazy-loading-not-4455 attachment-portfolio size-portfolio wp-post-image\" alt=\"\" srcset=\"https:\/\/www.galerietiago.com\/wp-content\/uploads\/2024\/03\/2023-1156-GALERIE-TIAGO-THEIERE-BANKO-2-Grande-495x400.jpeg 495w, https:\/\/www.galerietiago.com\/wp-content\/uploads\/2024\/03\/2023-1156-GALERIE-TIAGO-THEIERE-BANKO-2-Grande-845x684.jpeg 845w\" sizes=\"(max-width: 495px) 100vw, 495px\" \/><\/a><div class='grid-content'><div class='avia-arrow'><\/div><header class=\"entry-content-header\"><h3 class='grid-entry-title entry-title '  itemprop=\"headline\" ><a href='https:\/\/www.galerietiago.com\/en\/portfolio-item\/theiere-banko-sept-dieux-du-bonheur-taisho\/' title='SEVEN GODS OF HAPPINESS TEAPOT BANKO WARE &#8211; TAISH\u00d4'>SEVEN GODS OF HAPPINESS TEAPOT BANKO WARE &#8211; TAISH\u00d4<\/a><\/h3><\/header><\/div><footer class=\"entry-footer\"><\/footer><\/article><\/div><\/div><\/div>   <!--   class=\"av-portfolio-grid-sorting-container\"  -->\n","protected":false},"excerpt":{"rendered":"","protected":false},"author":1,"featured_media":0,"parent":0,"menu_order":0,"comment_status":"closed","ping_status":"closed","template":"","meta":{"footnotes":""},"_links":{"self":[{"href":"https:\/\/www.galerietiago.com\/en\/wp-json\/wp\/v2\/pages\/2769"}],"collection":[{"href":"https:\/\/www.galerietiago.com\/en\/wp-json\/wp\/v2\/pages"}],"about":[{"href":"https:\/\/www.galerietiago.com\/en\/wp-json\/wp\/v2\/types\/page"}],"author":[{"embeddable":true,"href":"https:\/\/www.galerietiago.com\/en\/wp-json\/wp\/v2\/users\/1"}],"replies":[{"embeddable":true,"href":"https:\/\/www.galerietiago.com\/en\/wp-json\/wp\/v2\/comments?post=2769"}],"version-history":[{"count":5,"href":"https:\/\/www.galerietiago.com\/en\/wp-json\/wp\/v2\/pages\/2769\/revisions"}],"predecessor-version":[{"id":3122,"href":"https:\/\/www.galerietiago.com\/en\/wp-json\/wp\/v2\/pages\/2769\/revisions\/3122"}],"wp:attachment":[{"href":"https:\/\/www.galerietiago.com\/en\/wp-json\/wp\/v2\/media?parent=2769"}],"curies":[{"name":"wp","href":"https:\/\/api.w.org\/{rel}","templated":true}]}}