{"id":2773,"date":"2023-10-01T14:27:37","date_gmt":"2023-10-01T12:27:37","guid":{"rendered":"https:\/\/www.galerietiago.com\/mobilier-4\/"},"modified":"2023-12-30T17:17:14","modified_gmt":"2023-12-30T16:17:14","slug":"furniture","status":"publish","type":"page","link":"https:\/\/www.galerietiago.com\/en\/furniture\/","title":{"rendered":"Furniture"},"content":{"rendered":"<div id='av_section_1'  class='avia-section av-738k-4dcf0d5ed7ecc3e0c2ac6623d9c5108c main_color avia-section-default avia-no-shadow  avia-builder-el-0  el_before_av_portfolio  avia-builder-el-first  avia-bg-style-scroll container_wrap fullsize'  ><div class='container av-section-cont-open' ><main  role=\"main\" itemprop=\"mainContentOfPage\"  class='template-page content  av-content-full alpha units'><div class='post-entry post-entry-type-page post-entry-2773'><div class='entry-content-wrapper clearfix'>\n\n<style type=\"text\/css\" data-created_by=\"avia_inline_auto\" id=\"style-css-av-1eg1g-1864b5b6b59fcc610491a4fc41f140cf\">\n#top .av-special-heading.av-1eg1g-1864b5b6b59fcc610491a4fc41f140cf{\npadding-bottom:10px;\n}\nbody .av-special-heading.av-1eg1g-1864b5b6b59fcc610491a4fc41f140cf .av-special-heading-tag .heading-char{\nfont-size:25px;\n}\n.av-special-heading.av-1eg1g-1864b5b6b59fcc610491a4fc41f140cf .av-subheading{\nfont-size:15px;\n}\n<\/style>\n<div  class='av-special-heading av-1eg1g-1864b5b6b59fcc610491a4fc41f140cf av-special-heading-h3 blockquote modern-quote modern-centered  avia-builder-el-1  avia-builder-el-no-sibling '><h3 class='av-special-heading-tag'  itemprop=\"headline\"  >Furniture<\/h3><div class=\"special-heading-border\"><div class=\"special-heading-inner-border\"><\/div><\/div><\/div>\n<div  id=\"av-sc-portfolio-1\"  class=\"av-portfolio-grid-sorting-container\"><div class='sort_width_container  av-sort-yes' data-portfolio-id='1' ><div id='js_sort_items' ><div class='sort_by_cat hidden'><a href=\"#\" data-filter=\"all_sort\" class=\"all_sort_button active_sort\"><span class=\"inner_sort_button\"><span>All<\/span><small class=\"av-cat-count\"> 6 <\/small><\/span><\/a><span class=\"text-sep furniture_sort_sep\">\/<\/span><a href=\"#\" data-filter=\"furniture_sort\" class=\"furniture_sort_button\" ><span class=\"inner_sort_button\"><span>Furniture<\/span><small class=\"av-cat-count\"> 6 <\/small><\/span><\/a><\/div><\/div><\/div><div  class=' grid-sort-container isotope   no_margin-container with-excerpt-container grid-total-even grid-col-4 grid-links-' data-portfolio-id='1'><div data-ajax-id='7219' class=' grid-entry flex_column isotope-item all_sort no_margin post-entry post-entry-7219 grid-entry-overview grid-loop-1 grid-parity-odd  furniture_sort  av_one_fourth first default_av_fullwidth '><article class='main_color inner-entry'  itemscope=\"itemscope\" itemtype=\"https:\/\/schema.org\/CreativeWork\" ><a href=\"https:\/\/www.galerietiago.com\/en\/portfolio-item\/tall-lantern\/\" title='TALL LANTERN'  data-rel='grid-1' class='grid-image avia-hover-fx'> <img decoding=\"async\" width=\"495\" height=\"400\" src=\"https:\/\/www.galerietiago.com\/wp-content\/uploads\/2024\/12\/1D84969C-6B57-45EA-A7FA-B1E23D7B7F2B-495x400.jpeg\" class=\"wp-image-7378 avia-img-lazy-loading-not-7378 attachment-portfolio size-portfolio wp-post-image\" alt=\"\" srcset=\"https:\/\/www.galerietiago.com\/wp-content\/uploads\/2024\/12\/1D84969C-6B57-45EA-A7FA-B1E23D7B7F2B-495x400.jpeg 495w, https:\/\/www.galerietiago.com\/wp-content\/uploads\/2024\/12\/1D84969C-6B57-45EA-A7FA-B1E23D7B7F2B-845x684.jpeg 845w\" sizes=\"(max-width: 495px) 100vw, 495px\" \/><\/a><div class='grid-content'><div class='avia-arrow'><\/div><header class=\"entry-content-header\"><h3 class='grid-entry-title entry-title '  itemprop=\"headline\" ><a href='https:\/\/www.galerietiago.com\/en\/portfolio-item\/tall-lantern\/' title='TALL LANTERN'>TALL LANTERN<\/a><\/h3><\/header><\/div><footer class=\"entry-footer\"><\/footer><\/article><\/div><div data-ajax-id='6936' class=' grid-entry flex_column isotope-item all_sort no_margin post-entry post-entry-6936 grid-entry-overview grid-loop-2 grid-parity-even  furniture_sort new-products_sort  av_one_fourth  default_av_fullwidth '><article class='main_color inner-entry'  itemscope=\"itemscope\" itemtype=\"https:\/\/schema.org\/CreativeWork\" ><a href=\"https:\/\/www.galerietiago.com\/en\/portfolio-item\/chinese-altar-console-qing-dinasty\/\" title='CHINESE ALTAR OR CONSOLE &#8211; QING DYNASTY'  data-rel='grid-1' class='grid-image avia-hover-fx'> <img decoding=\"async\" width=\"495\" height=\"400\" src=\"https:\/\/www.galerietiago.com\/wp-content\/uploads\/2024\/12\/C8C3F3D2-A287-4428-8337-DDC593E83892-495x400.jpeg\" class=\"wp-image-6937 avia-img-lazy-loading-not-6937 attachment-portfolio size-portfolio wp-post-image\" alt=\"\" srcset=\"https:\/\/www.galerietiago.com\/wp-content\/uploads\/2024\/12\/C8C3F3D2-A287-4428-8337-DDC593E83892-495x400.jpeg 495w, https:\/\/www.galerietiago.com\/wp-content\/uploads\/2024\/12\/C8C3F3D2-A287-4428-8337-DDC593E83892-845x684.jpeg 845w\" sizes=\"(max-width: 495px) 100vw, 495px\" \/><\/a><div class='grid-content'><div class='avia-arrow'><\/div><header class=\"entry-content-header\"><h3 class='grid-entry-title entry-title '  itemprop=\"headline\" ><a href='https:\/\/www.galerietiago.com\/en\/portfolio-item\/chinese-altar-console-qing-dinasty\/' title='CHINESE ALTAR OR CONSOLE &#8211; QING DYNASTY'>CHINESE ALTAR OR CONSOLE &#8211; QING DYNASTY<\/a><\/h3><\/header><\/div><footer class=\"entry-footer\"><\/footer><\/article><\/div><div data-ajax-id='5695' class=' grid-entry flex_column isotope-item all_sort no_margin post-entry post-entry-5695 grid-entry-overview grid-loop-3 grid-parity-odd  furniture_sort  av_one_fourth  default_av_fullwidth '><article class='main_color inner-entry'  itemscope=\"itemscope\" itemtype=\"https:\/\/schema.org\/CreativeWork\" ><a href=\"https:\/\/www.galerietiago.com\/en\/portfolio-item\/plateau-bonsai-bois\/\" title='WOODEN BONSAI TRAY'  data-rel='grid-1' class='grid-image avia-hover-fx'> <img decoding=\"async\" width=\"495\" height=\"400\" src=\"https:\/\/www.galerietiago.com\/wp-content\/uploads\/2024\/07\/2024-1237-GALERIE-TIAGO-PLATEAU-BONZAI-1-Grande-495x400.jpeg\" class=\"wp-image-5682 avia-img-lazy-loading-not-5682 attachment-portfolio size-portfolio wp-post-image\" alt=\"Plateau d\u00e9coratif de ronce de bois noueux \u00e0 patine brun fonc\u00e9, destin\u00e9 \u00e0 accueillir un bonsa\u00ef.\" srcset=\"https:\/\/www.galerietiago.com\/wp-content\/uploads\/2024\/07\/2024-1237-GALERIE-TIAGO-PLATEAU-BONZAI-1-Grande-495x400.jpeg 495w, https:\/\/www.galerietiago.com\/wp-content\/uploads\/2024\/07\/2024-1237-GALERIE-TIAGO-PLATEAU-BONZAI-1-Grande-845x684.jpeg 845w\" sizes=\"(max-width: 495px) 100vw, 495px\" \/><\/a><div class='grid-content'><div class='avia-arrow'><\/div><header class=\"entry-content-header\"><h3 class='grid-entry-title entry-title '  itemprop=\"headline\" ><a href='https:\/\/www.galerietiago.com\/en\/portfolio-item\/plateau-bonsai-bois\/' title='WOODEN BONSAI TRAY'>WOODEN BONSAI TRAY<\/a><\/h3><\/header><\/div><footer class=\"entry-footer\"><\/footer><\/article><\/div><div data-ajax-id='5424' class=' grid-entry flex_column isotope-item all_sort no_margin post-entry post-entry-5424 grid-entry-overview grid-loop-4 grid-parity-even  furniture_sort  av_one_fourth  default_av_fullwidth '><article class='main_color inner-entry'  itemscope=\"itemscope\" itemtype=\"https:\/\/schema.org\/CreativeWork\" ><a href=\"https:\/\/www.galerietiago.com\/en\/portfolio-item\/table-the-lezards-vigne-1900\/\" title='LIZARDS AND VINE TEA TABLE &#8211; FRANCE, 1900'  data-rel='grid-1' class='grid-image avia-hover-fx'> <img decoding=\"async\" width=\"495\" height=\"400\" src=\"https:\/\/www.galerietiago.com\/wp-content\/uploads\/2024\/07\/2024-1217-GALERIE-TIAGO-TABLE-LEZARDS-1-Grande-495x400.jpeg\" class=\"wp-image-5411 avia-img-lazy-loading-not-5411 attachment-portfolio size-portfolio wp-post-image\" alt=\"\" srcset=\"https:\/\/www.galerietiago.com\/wp-content\/uploads\/2024\/07\/2024-1217-GALERIE-TIAGO-TABLE-LEZARDS-1-Grande-495x400.jpeg 495w, https:\/\/www.galerietiago.com\/wp-content\/uploads\/2024\/07\/2024-1217-GALERIE-TIAGO-TABLE-LEZARDS-1-Grande-845x684.jpeg 845w\" sizes=\"(max-width: 495px) 100vw, 495px\" \/><\/a><div class='grid-content'><div class='avia-arrow'><\/div><header class=\"entry-content-header\"><h3 class='grid-entry-title entry-title '  itemprop=\"headline\" ><a href='https:\/\/www.galerietiago.com\/en\/portfolio-item\/table-the-lezards-vigne-1900\/' title='LIZARDS AND VINE TEA TABLE &#8211; FRANCE, 1900'>LIZARDS AND VINE TEA TABLE &#8211; FRANCE, 1900<\/a><\/h3><\/header><\/div><footer class=\"entry-footer\"><\/footer><\/article><\/div><div data-ajax-id='5317' class=' grid-entry flex_column isotope-item all_sort no_margin post-entry post-entry-5317 grid-entry-overview grid-loop-5 grid-parity-odd  furniture_sort  av_one_fourth first default_av_fullwidth '><article class='main_color inner-entry'  itemscope=\"itemscope\" itemtype=\"https:\/\/schema.org\/CreativeWork\" ><a href=\"https:\/\/www.galerietiago.com\/en\/portfolio-item\/table-marqueterie-a-decor-floral-emile-galle-1900\/\" title='MARQUETRY TABLE WITH FLORAL DECORATION, \u00c9MILE GALL\u00c9 &#8211; 1900'  data-rel='grid-1' class='grid-image avia-hover-fx'> <img decoding=\"async\" width=\"495\" height=\"400\" src=\"https:\/\/www.galerietiago.com\/wp-content\/uploads\/2024\/06\/2024-1224-GALERIE-TIAGO-TABLE-GALLE-1-Grande-495x400.jpeg\" class=\"wp-image-5301 avia-img-lazy-loading-not-5301 attachment-portfolio size-portfolio wp-post-image\" alt=\"\" srcset=\"https:\/\/www.galerietiago.com\/wp-content\/uploads\/2024\/06\/2024-1224-GALERIE-TIAGO-TABLE-GALLE-1-Grande-495x400.jpeg 495w, https:\/\/www.galerietiago.com\/wp-content\/uploads\/2024\/06\/2024-1224-GALERIE-TIAGO-TABLE-GALLE-1-Grande-845x684.jpeg 845w\" sizes=\"(max-width: 495px) 100vw, 495px\" \/><\/a><div class='grid-content'><div class='avia-arrow'><\/div><header class=\"entry-content-header\"><h3 class='grid-entry-title entry-title '  itemprop=\"headline\" ><a href='https:\/\/www.galerietiago.com\/en\/portfolio-item\/table-marqueterie-a-decor-floral-emile-galle-1900\/' title='MARQUETRY TABLE WITH FLORAL DECORATION, \u00c9MILE GALL\u00c9 &#8211; 1900'>MARQUETRY TABLE WITH FLORAL DECORATION, \u00c9MILE GALL\u00c9 &#8211; 1900<\/a><\/h3><\/header><\/div><footer class=\"entry-footer\"><\/footer><\/article><\/div><div data-ajax-id='3145' class=' grid-entry flex_column isotope-item all_sort no_margin post-entry post-entry-3145 grid-entry-overview grid-loop-6 grid-parity-even  post-entry-last  furniture_sort  av_one_fourth  default_av_fullwidth '><article class='main_color inner-entry'  itemscope=\"itemscope\" itemtype=\"https:\/\/schema.org\/CreativeWork\" ><a href=\"https:\/\/www.galerietiago.com\/en\/portfolio-item\/china-marble-stand\/\" title='CHINA MARBLE STAND'  data-rel='grid-1' class='grid-image avia-hover-fx'> <img decoding=\"async\" width=\"495\" height=\"400\" src=\"https:\/\/www.galerietiago.com\/wp-content\/uploads\/2023\/12\/2020-787-GALERIE-TIAGO-SELLETTE-CHINE-MARBRE-1-1-495x400.jpg\" class=\"wp-image-3000 avia-img-lazy-loading-not-3000 attachment-portfolio size-portfolio wp-post-image\" alt=\"\" srcset=\"https:\/\/www.galerietiago.com\/wp-content\/uploads\/2023\/12\/2020-787-GALERIE-TIAGO-SELLETTE-CHINE-MARBRE-1-1-495x400.jpg 495w, https:\/\/www.galerietiago.com\/wp-content\/uploads\/2023\/12\/2020-787-GALERIE-TIAGO-SELLETTE-CHINE-MARBRE-1-1-845x684.jpg 845w\" sizes=\"(max-width: 495px) 100vw, 495px\" \/><\/a><div class='grid-content'><div class='avia-arrow'><\/div><header class=\"entry-content-header\"><h3 class='grid-entry-title entry-title '  itemprop=\"headline\" ><a href='https:\/\/www.galerietiago.com\/en\/portfolio-item\/china-marble-stand\/' title='CHINA MARBLE STAND'>CHINA MARBLE STAND<\/a><\/h3><\/header><\/div><footer class=\"entry-footer\"><\/footer><\/article><\/div><\/div><\/div>   <!--   class=\"av-portfolio-grid-sorting-container\"  --><\/p>\n","protected":false},"excerpt":{"rendered":"","protected":false},"author":1,"featured_media":0,"parent":0,"menu_order":0,"comment_status":"closed","ping_status":"closed","template":"","meta":{"footnotes":""},"_links":{"self":[{"href":"https:\/\/www.galerietiago.com\/en\/wp-json\/wp\/v2\/pages\/2773"}],"collection":[{"href":"https:\/\/www.galerietiago.com\/en\/wp-json\/wp\/v2\/pages"}],"about":[{"href":"https:\/\/www.galerietiago.com\/en\/wp-json\/wp\/v2\/types\/page"}],"author":[{"embeddable":true,"href":"https:\/\/www.galerietiago.com\/en\/wp-json\/wp\/v2\/users\/1"}],"replies":[{"embeddable":true,"href":"https:\/\/www.galerietiago.com\/en\/wp-json\/wp\/v2\/comments?post=2773"}],"version-history":[{"count":3,"href":"https:\/\/www.galerietiago.com\/en\/wp-json\/wp\/v2\/pages\/2773\/revisions"}],"predecessor-version":[{"id":3587,"href":"https:\/\/www.galerietiago.com\/en\/wp-json\/wp\/v2\/pages\/2773\/revisions\/3587"}],"wp:attachment":[{"href":"https:\/\/www.galerietiago.com\/en\/wp-json\/wp\/v2\/media?parent=2773"}],"curies":[{"name":"wp","href":"https:\/\/api.w.org\/{rel}","templated":true}]}}